{"id":22,"date":"2013-06-15T19:23:35","date_gmt":"2013-06-15T18:23:35","guid":{"rendered":"http:\/\/elof.fr\/paleo\/?page_id=22"},"modified":"2021-02-13T18:07:19","modified_gmt":"2021-02-13T17:07:19","slug":"catalogue","status":"publish","type":"page","link":"http:\/\/elof.fr\/paleo\/?page_id=22","title":{"rendered":"Catalogue"},"content":{"rendered":"\n<div class=\"wp-block-group\"><div class=\"wp-block-group__inner-container is-layout-flow wp-block-group-is-layout-flow\">\n<div class=\"wp-block-columns is-layout-flex wp-container-core-columns-is-layout-9d6595d7 wp-block-columns-is-layout-flex\">\n<div class=\"wp-block-column is-layout-flow wp-block-column-is-layout-flow\" style=\"flex-basis:100%\">\n<div class=\"wp-block-group\"><div class=\"wp-block-group__inner-container is-layout-flow wp-block-group-is-layout-flow\">\n<div class=\"wp-block-columns is-layout-flex wp-container-core-columns-is-layout-9d6595d7 wp-block-columns-is-layout-flex\">\n<div class=\"wp-block-column is-layout-flow wp-block-column-is-layout-flow\" style=\"flex-basis:50%\">\n<div class=\"wp-block-image\"><figure class=\"aligncenter size-large is-resized\"><img loading=\"lazy\" decoding=\"async\" src=\"https:\/\/scontent-frx5-1.xx.fbcdn.net\/v\/t1.15752-9\/150125868_464063351638750_7398388222464007071_n.jpg?_nc_cat=100&amp;ccb=3&amp;_nc_sid=ae9488&amp;_nc_ohc=-U5ABLpVHNMAX98a7ov&amp;_nc_ht=scontent-frx5-1.xx&amp;oh=0786504228dce28779e7f1b8d4104c68&amp;oe=604F7871\" alt=\"Aucune description disponible.\" width=\"294\" height=\"436\"\/><\/figure><\/div>\n<\/div>\n\n\n\n<div class=\"wp-block-column is-layout-flow wp-block-column-is-layout-flow\" style=\"flex-basis:50%\">\n<div class=\"wp-block-image\"><figure class=\"aligncenter size-large is-resized\"><img loading=\"lazy\" decoding=\"async\" src=\"http:\/\/elof.fr\/paleo\/wp-content\/uploads\/2021\/02\/150292704_411922050110267_4061305450805220119_n-704x1024.jpg\" alt=\"\" class=\"wp-image-420\" width=\"304\" height=\"442\" srcset=\"http:\/\/elof.fr\/paleo\/wp-content\/uploads\/2021\/02\/150292704_411922050110267_4061305450805220119_n-704x1024.jpg 704w, http:\/\/elof.fr\/paleo\/wp-content\/uploads\/2021\/02\/150292704_411922050110267_4061305450805220119_n-206x300.jpg 206w, http:\/\/elof.fr\/paleo\/wp-content\/uploads\/2021\/02\/150292704_411922050110267_4061305450805220119_n-768x1118.jpg 768w, http:\/\/elof.fr\/paleo\/wp-content\/uploads\/2021\/02\/150292704_411922050110267_4061305450805220119_n-1055x1536.jpg 1055w, http:\/\/elof.fr\/paleo\/wp-content\/uploads\/2021\/02\/150292704_411922050110267_4061305450805220119_n-1407x2048.jpg 1407w, http:\/\/elof.fr\/paleo\/wp-content\/uploads\/2021\/02\/150292704_411922050110267_4061305450805220119_n-scaled.jpg 1759w\" sizes=\"auto, (max-width: 304px) 100vw, 304px\" \/><\/figure><\/div>\n<\/div>\n<\/div>\n<\/div><\/div>\n<\/div>\n<\/div>\n<\/div><\/div>\n\n\n\n<p>Publications par le CRHF auquel Christophe Woehrle a activement particip\u00e9. Vous y trouverez notamment dans le volume 1 (mariages) son article sur l&rsquo;histoire de Gueberschwihr. Bonne d\u00e9couverte et bonne lecture !<\/p>\n\n\n\n<p>A commander via la boutique en ligne : <a href=\"https:\/\/www.crhf.net\/fr\/\">https:\/\/www.crhf.net\/fr\/<\/a><\/p>\n\n\n\n<p><\/p>\n\n\n\n<figure class=\"wp-block-image is-resized\"><img loading=\"lazy\" decoding=\"async\" src=\"http:\/\/les-editions-secrets-de-pays.fr\/tpk-img\/clairvivre.jpg\" alt=\"\" width=\"262\" height=\"393\"\/><\/figure>\n\n\n\n<p>La Cit\u00e9 silencieuse Strasbourg \u2013 Clairvivre (1939-1945)<\/p>\n\n\n\n<p>Un ouvrage pour d\u00e9couvrir l&rsquo;Evacuation des Alsaciens en Dordogne sous le prisme des H\u00f4pitaux civils de Strasbourg et l&rsquo;histoire d&rsquo;un Juste parmi les nations &#8211; Format 16 x 24 cm, 256 pages, juillet 2019 &#8211; 20 \u20ac,<br>&nbsp;<strong>ISBN 978-2-9560781-4-2<\/strong><\/p>\n\n\n\n<p>A commander directement sur <a href=\"http:\/\/les-editions-secrets-de-pays.fr\/\">http:\/\/les-editions-secrets-de-pays.fr\/<\/a><\/p>\n\n\n\n<p><\/p>\n\n\n<p><\/p>\n<p>.<a href=\"http:\/\/elof.fr\/paleo\/wp-content\/uploads\/2013\/06\/GMCC-couverture.jpg\"><img loading=\"lazy\" decoding=\"async\" class=\"alignnone size-full wp-image-364\" src=\"http:\/\/elof.fr\/paleo\/wp-content\/uploads\/2013\/06\/GMCC-couverture.jpg\" alt=\"GMCC couverture\" width=\"346\" height=\"523\" srcset=\"http:\/\/elof.fr\/paleo\/wp-content\/uploads\/2013\/06\/GMCC-couverture.jpg 346w, http:\/\/elof.fr\/paleo\/wp-content\/uploads\/2013\/06\/GMCC-couverture-198x300.jpg 198w\" sizes=\"auto, (max-width: 346px) 100vw, 346px\" \/><\/a><\/p>\n<p>Un article est paru dans la revue des&nbsp;<strong>Guerres mondiales et conflits contemporains<\/strong> disponible au prix de 5\u20ac. Cet article traite des prisonniers de guerre fran\u00e7ais dans l\u2019industrie du Reich<\/p>\n<p><a href=\"https:\/\/www.cairn.info\/revue-guerres-mondiales-et-conflits-contemporains-2018-2-p-121.htm\">https:\/\/www.cairn.info\/revue-guerres-mondiales-et-conflits-contemporains-2018-2-p-121.htm<\/a><\/p>\n<p><\/p>\n<p align=\"left\"><a href=\"http:\/\/elof.fr\/paleo\/wp-content\/uploads\/2013\/06\/Une-article-Toulois.jpg\"><img loading=\"lazy\" decoding=\"async\" class=\"alignmiddle wp-image-341 size-medium\" src=\"http:\/\/elof.fr\/paleo\/wp-content\/uploads\/2013\/06\/Une-article-Toulois-229x300.jpg\" alt=\"Une article Toulois\" width=\"229\" height=\"300\" srcset=\"http:\/\/elof.fr\/paleo\/wp-content\/uploads\/2013\/06\/Une-article-Toulois-229x300.jpg 229w, http:\/\/elof.fr\/paleo\/wp-content\/uploads\/2013\/06\/Une-article-Toulois-780x1024.jpg 780w\" sizes=\"auto, (max-width: 229px) 100vw, 229px\" \/><\/a><a href=\"http:\/\/elof.fr\/paleo\/wp-content\/uploads\/2013\/06\/ET161.jpg\"><img loading=\"lazy\" decoding=\"async\" class=\" wp-image-342 size-medium alignmiddle\" src=\"http:\/\/elof.fr\/paleo\/wp-content\/uploads\/2013\/06\/ET161-230x300.jpg\" alt=\"ET161\" width=\"230\" height=\"300\" srcset=\"http:\/\/elof.fr\/paleo\/wp-content\/uploads\/2013\/06\/ET161-230x300.jpg 230w, http:\/\/elof.fr\/paleo\/wp-content\/uploads\/2013\/06\/ET161.jpg 596w\" sizes=\"auto, (max-width: 230px) 100vw, 230px\" \/><\/a><\/p>\n<p>Retrouvez l&rsquo;article r\u00e9dig\u00e9 par Christophe Woehrl\u00e9 dans les \u00e9tudes touloises \u00e0 propos des prisonniers de guerre coloniaux en Meurthe-et-Moselle (1940-1945) sur <a href=\"https:\/\/l.facebook.com\/l.php?u=https%3A%2F%2Fwww.academia.edu%2F&amp;h=ATNYbFtbag75YiQI0Ygi1TxEpKgxvKTaTzp6rqbCn_mZWMrRdMywSGihCWjhhgGh7VTqsrw_IosCRGbYH-dtFcmT5XCrPFWqi5wou7s1KhRNBc8oUKV5OlFRkDiQsDLkI6c4Ug0hS-H0_2b3XSmAxXip5T8nobgLIsFdLwOKVlNsLIacecwziZBvD-Yltxg1grvW4nPKyZjBcZGsMs30P1fgX8eXIdFwxgUp3WZh8w1mbvgvfq_yejtOR4RIeQEFj7qWJhcCcvT7U1BsiVE2aCs8SI4mFKTt9Qa3pqOdmg\" target=\"_blank\" rel=\"noopener\" data-ft=\"{&quot;tn&quot;:&quot;-U&quot;}\" data-lynx-mode=\"async\">https:\/\/www.academia.edu<\/a> (il faut \u00eatre inscrit pour y acc\u00e9der, site s\u00e9curis\u00e9).<\/p>\n<p>Vous pouvez aussi acqu\u00e9rir la revue sur <a href=\"http:\/\/www.etudes-touloises.fr\/\" target=\"_blank\" rel=\"noopener\" data-ft=\"{&quot;tn&quot;:&quot;-U&quot;}\" data-lynx-mode=\"async\" data-lynx-uri=\"https:\/\/l.facebook.com\/l.php?u=http%3A%2F%2Fwww.etudes-touloises.fr%2F&amp;h=ATM90p6kNz8uqpLpOlJRd1vUfaVichzirx3iwR-uC0zPAb2LbNvsPJ4embfQOQjfihJ27LimaFA0m20pt5gusZLzj7cf2JF6DgTSxb00Lxf9HaMIyKDoiitVPvrZqB-eF9b057rkhNd_TRCpOjtYebUCnEis2PMUkuK0vMOd59pws7pyDUelMFva6F_37fl1viWt2js0W_YESXT1AU7n2UC1hxH09Fbmcm8-3aExvDSeaiyAWqyeQMtP3Qkg93PXV9MgNN8oMy4AbJ-J0CGZ-Wd58iC4P_qH9YyjI8ZSvA\">www.etudes-touloises.fr<\/a> en commandant le n\u00b0161 au prix de 7.50\u20ac, environ 10 pages d&rsquo;article.<\/p>\n<p><\/p>\n<div id=\"attachment_166\" style=\"width: 222px\" class=\"wp-caption aligncenter\"><a href=\"http:\/\/elof.fr\/paleo\/wp-content\/uploads\/2014\/02\/RevueduLoupMNM2014.jpg\"><img loading=\"lazy\" decoding=\"async\" aria-describedby=\"caption-attachment-166\" class=\"size-medium wp-image-166 \" src=\"http:\/\/elof.fr\/paleo\/wp-content\/uploads\/2014\/02\/RevueduLoupMNM2014-212x300.jpg\" alt=\"SWolfsblattel\" width=\"212\" height=\"300\" srcset=\"http:\/\/elof.fr\/paleo\/wp-content\/uploads\/2014\/02\/RevueduLoupMNM2014-212x300.jpg 212w, http:\/\/elof.fr\/paleo\/wp-content\/uploads\/2014\/02\/RevueduLoupMNM2014.jpg 443w\" sizes=\"auto, (max-width: 212px) 100vw, 212px\" \/><\/a><p id=\"caption-attachment-166\" class=\"wp-caption-text\">SWolfsblattel<\/p><\/div>\n<p>Dans l&rsquo;ouvrage <strong>La M\u00e9moire du Loup<\/strong> ou <strong>S&rsquo;Wolfsblattel<\/strong> \u00e9dit\u00e9 par l&rsquo;Association M\u00e9moires Locales Marckolsheim, vous pourrez lire deux articles de Christophe Woehrl\u00e9 :<\/p>\n<p>&#8211; Le fragment de reliure juif des comptes de fabriques de la commune de Marckolsheim. \u00c9tude du fragment suivie d&rsquo;une br\u00e8ve histoire des fabriques d&rsquo;\u00e9glise.<\/p>\n<p>&#8211; La Juden Ordnung (r\u00e8glement pour les juifs) de Marckolsheim.<\/p>\n<p>Toutes les commandes de cet ouvrage d&rsquo;environ 160 pages, contenant de nombreux autres articles, peuvent \u00eatre effectu\u00e9es en ligne ou par courrier :<\/p>\n<p><blockquote class=\"wp-embedded-content\" data-secret=\"3vEI5xA9na\"><a href=\"https:\/\/mlm67.fr\/boutique-memoires-locales\/\">Boutique M\u00e9moires Locales<\/a><\/blockquote><iframe loading=\"lazy\" class=\"wp-embedded-content\" sandbox=\"allow-scripts\" security=\"restricted\" style=\"position: absolute; clip: rect(1px, 1px, 1px, 1px);\" title=\"\u00ab\u00a0Boutique M\u00e9moires Locales\u00a0\u00bb &#8212; Mlm67\" src=\"https:\/\/mlm67.fr\/boutique-memoires-locales\/embed\/#?secret=3vEI5xA9na\" data-secret=\"3vEI5xA9na\" width=\"500\" height=\"282\" frameborder=\"0\" marginwidth=\"0\" marginheight=\"0\" scrolling=\"no\"><\/iframe><\/p>\n<p>vegeb@orange.fr<\/p>\n<p>03 88 74 94 74<\/p>\n<p><\/p>\n<p><a href=\"http:\/\/elof.fr\/paleo\/wp-content\/uploads\/2013\/10\/CouvertureEtude-fragment.png\"><img loading=\"lazy\" decoding=\"async\" class=\"size-medium wp-image-147 aligncenter\" src=\"http:\/\/elof.fr\/paleo\/wp-content\/uploads\/2013\/10\/CouvertureEtude-fragment-206x300.png\" alt=\"CouvertureEtude fragment\" width=\"206\" height=\"300\" srcset=\"http:\/\/elof.fr\/paleo\/wp-content\/uploads\/2013\/10\/CouvertureEtude-fragment-206x300.png 206w, http:\/\/elof.fr\/paleo\/wp-content\/uploads\/2013\/10\/CouvertureEtude-fragment.png 444w\" sizes=\"auto, (max-width: 206px) 100vw, 206px\" \/><\/a><\/p>\n<p><\/p>\n<p>Vous souhaitez acqu\u00e9rir l\u2019<strong>\u00c9tude et analyse du fragment juif conserv\u00e9 aux archives de la ville de Marckolsheim<\/strong> ?<\/p>\n<p>Ce document compte 59 pages d&rsquo;analyse, de transcription, d&rsquo;exemples, de photos sur l&rsquo;histoire d&rsquo;un fragment de la communaut\u00e9 juive de Marckolsheim (68) ayant servi de couverture aux comptes de fabrique de la paroisse dat\u00e9s de 1612.<\/p>\n<p>Formats possibles : papier, PDF, EPUB (format hors alphabet)<\/p>\n<p>Nous pouvons vous exp\u00e9dier le sommaire sur demande et pour tout autre renseignement : paleo@elof.fr<\/p>\n<p><\/p>\n<p><a href=\"http:\/\/elof.fr\/paleo\/wp-content\/uploads\/2013\/06\/CouvertureEtudeParticularit\u00e9s.png\"><img loading=\"lazy\" decoding=\"async\" class=\"size-medium wp-image-131 aligncenter\" src=\"http:\/\/elof.fr\/paleo\/wp-content\/uploads\/2013\/06\/CouvertureEtudeParticularit\u00e9s-224x300.png\" alt=\"CouvertureEtudeParticularit\u00e9s\" width=\"224\" height=\"300\" srcset=\"http:\/\/elof.fr\/paleo\/wp-content\/uploads\/2013\/06\/CouvertureEtudeParticularit\u00e9s-224x300.png 224w, http:\/\/elof.fr\/paleo\/wp-content\/uploads\/2013\/06\/CouvertureEtudeParticularit\u00e9s.png 570w\" sizes=\"auto, (max-width: 224px) 100vw, 224px\" \/><\/a><\/p>\n<p><\/p>\n<p style=\"text-align: left;\">Vous souhaitez acqu\u00e9rir l\u2019<strong>\u00c9tude sur les particularit\u00e9s et la pal\u00e9ographie des actes paroissiaux et civils&nbsp; en Alsace du 16e au 20e si\u00e8cle<\/strong> ?<\/p>\n<p style=\"text-align: left;\">Ce document compte 115 pages d&rsquo;analyses, d&rsquo;exemples, de photos d&rsquo;actes, un alphabet complet du 16e au 20e si\u00e8cle.<\/p>\n<p>Formats possibles : papier, PDF, EPUB (format hors alphabet)<\/p>\n<p>Nous pouvons vous exp\u00e9dier le sommaire sur demande et pour tout autre renseignement : paleo@elof.fr<\/p>\n<p><a href=\"http:\/\/elof.fr\/paleo\/wp-content\/uploads\/2013\/06\/\u00c9tude-sur-les-particularit\u00e9s-Couverture-.pdf\">\u00c9tude sur les particularit\u00e9s &#8211; Couverture-<\/a><\/p>","protected":false},"excerpt":{"rendered":"<p>Publications par le CRHF auquel Christophe Woehrle a activement particip\u00e9. Vous y trouverez notamment dans le volume 1 (mariages) son article sur l&rsquo;histoire de Gueberschwihr. Bonne d\u00e9couverte et bonne lecture ! A commander via la boutique en ligne : https:\/\/www.crhf.net\/fr\/ La Cit\u00e9 silencieuse Strasbourg \u2013 Clairvivre (1939-1945) Un ouvrage pour d\u00e9couvrir l&rsquo;Evacuation des Alsaciens en [&hellip;]<\/p>\n","protected":false},"author":2,"featured_media":0,"parent":0,"menu_order":3,"comment_status":"closed","ping_status":"closed","template":"","meta":{"footnotes":""},"class_list":["post-22","page","type-page","status-publish","hentry"],"_links":{"self":[{"href":"http:\/\/elof.fr\/paleo\/index.php?rest_route=\/wp\/v2\/pages\/22","targetHints":{"allow":["GET"]}}],"collection":[{"href":"http:\/\/elof.fr\/paleo\/index.php?rest_route=\/wp\/v2\/pages"}],"about":[{"href":"http:\/\/elof.fr\/paleo\/index.php?rest_route=\/wp\/v2\/types\/page"}],"author":[{"embeddable":true,"href":"http:\/\/elof.fr\/paleo\/index.php?rest_route=\/wp\/v2\/users\/2"}],"replies":[{"embeddable":true,"href":"http:\/\/elof.fr\/paleo\/index.php?rest_route=%2Fwp%2Fv2%2Fcomments&post=22"}],"version-history":[{"count":32,"href":"http:\/\/elof.fr\/paleo\/index.php?rest_route=\/wp\/v2\/pages\/22\/revisions"}],"predecessor-version":[{"id":427,"href":"http:\/\/elof.fr\/paleo\/index.php?rest_route=\/wp\/v2\/pages\/22\/revisions\/427"}],"wp:attachment":[{"href":"http:\/\/elof.fr\/paleo\/index.php?rest_route=%2Fwp%2Fv2%2Fmedia&parent=22"}],"curies":[{"name":"wp","href":"https:\/\/api.w.org\/{rel}","templated":true}]}}