{"id":2,"date":"2012-10-12T18:36:03","date_gmt":"2012-10-12T18:36:03","guid":{"rendered":"http:\/\/elof.fr\/paleo\/?page_id=2"},"modified":"2021-02-13T17:24:40","modified_gmt":"2021-02-13T16:24:40","slug":"page-d-exemple","status":"publish","type":"page","link":"http:\/\/elof.fr\/paleo\/?page_id=2","title":{"rendered":"Projets"},"content":{"rendered":"\n<h2 class=\"wp-block-heading\">2021<\/h2>\n\n\n\n<p>Les projets pal\u00e9ographiques actuels sont essentiellement ax\u00e9s sur les recherches de dossiers de victimes du nazisme pour aboutir \u00e0 la pose de <em>Stolpersteine<\/em> en France.<\/p>\n\n\n\n<p>Des sessions de lectures pal\u00e9ographiques seront organis\u00e9es en dehors du s\u00e9minaire de pal\u00e9ographie en soir\u00e9e en partenariat avec les archives de la ville de S\u00e9lestat. Renseignements et dates aupr\u00e8s de Guilaine Kientz au\u00a003 88 58 85 24 <\/p>\n\n\n\n<p>A partir de cette ann\u00e9e, Christophe Woehrle int\u00e8gre l&rsquo;\u00e9quipe p\u00e9dagogique de  L&rsquo;European Academy of Genealogy. Il y dispensera les cours de pal\u00e9ographie allemande. Retrouvez la programmation :<\/p>\n\n\n\n<p><a href=\"https:\/\/www.europeanacademyofgenealogy.com\/\">https:\/\/www.europeanacademyofgenealogy.com\/<\/a><\/p>\n\n\n\n<p>Il intervient \u00e9galement pour l&rsquo;\u00e9quipe KLR G\u00c9N\u00c9ALOGISTES ASSOCI\u00c9S dans le cadre des week-ends g\u00e9n\u00e9alogiques (h\u00e9bergements : Ecomus\u00e9e d&rsquo;Ungersheim, H\u00f4tel du Parc de Thann, Fischhutte de Mollkirch)<\/p>\n\n\n\n<p><a rel=\"noreferrer noopener\" href=\"https:\/\/www.facebook.com\/KLRGenealogistesAssocies\" target=\"_blank\">https:\/\/www.facebook.com\/KLRGenealogistesAssocies<\/a><\/p>\n\n\n\n<figure class=\"wp-block-embed is-type-wp-embed is-provider-klr-genealogiste-associes wp-block-embed-klr-genealogiste-associes\"><div class=\"wp-block-embed__wrapper\">\nhttps:\/\/klr-ga.com\/tourisme-genealogique\/\n<\/div><\/figure>\n\n\n\n<p><\/p>\n\n\n\n<h2 class=\"wp-block-heading\" id=\"block-3fd6b005-1505-4de9-af3e-69a14502ec09\">2020<\/h2>\n\n\n\n<p>Les ouvrages<\/p>\n\n\n\n<ul class=\"wp-block-list\" id=\"block-7f99d53a-4c35-4bbb-925a-e433f4470e98\"><li>La Cit\u00e9 silencieuse Strasbourg \u2013 Clairvivre (1939-1945)<\/li><li>Stolpersteine &#8211; Pr\u00e9sence juive en Alsace &#8211; Devoir de m\u00e9moire&nbsp;<\/li><li>Prisonniers de guerre dans l\u2019industrie de guerre allemande (1940-1945)&nbsp;<\/li><\/ul>\n\n\n\n<p id=\"block-f929fd94-7f90-4a0b-be18-37f15f41e85b\">seront \u00e9dit\u00e9es aux \u00e9ditions Secrets de Pays<\/p>\n\n\n\n<p id=\"block-9efd8c1e-b54f-427d-b607-7d6ad945e02a\">A commander directement sur : http:\/\/les-editions-secrets-de-pays.fr\/<\/p>\n\n\n<h2>2019<\/h2>\n<p>La premi\u00e8re pose de \u00ab\u00a0Stolpersteine\u00a0\u00bb en Alsace sera r\u00e9alis\u00e9e par l&rsquo;artiste Gunter Demning \u00e0 Herrlisheim pr\u00e8s Colmar et Muttersholtz en avril\/mai 2019. Ces actions de m\u00e9moire sont initi\u00e9es par Christophe Woehrle dont le travail de recherche \u00e0 permis d&rsquo;attribuer de nombreuses mentions \u00ab\u00a0Mort pour la France\u00a0\u00bb ainsi que l&rsquo;\u00e9tablissement d&rsquo;actes de d\u00e9c\u00e8s non \u00e9tablis jusqu&rsquo;\u00e0 il y a quelques semaines.<\/p>\n<p>Nous recherchons actuellement des parrains et des marraines pour ces pierres et des soutiens financiers (dons d\u00e9fiscalis\u00e9s \u00e0 66%)<\/p>\n<p>Christophe Woehrle participera \u00e0 la comm\u00e9moration et l&rsquo;anniversaire pour les 80 ans de l&rsquo;\u00e9vacuation des Alsaciens en Dordogne. Ses recherches le m\u00e8nent dans le cimeti\u00e8re des Alsaciens \u00e0 Clairvivre.&nbsp; En appui avec le Souvenir Fran\u00e7ais, un ouvrage devrait para\u00eetre \u00e0 cette occasion.<\/p>\n<h2>2018<\/h2>\n<p>Apr\u00e8s une ann\u00e9e riche, 2018 voit l\u2019\u00e9criture du doctorat de notre historien Christophe Woehrl\u00e9 s&rsquo;achever. Un second s\u00e9minaire de pal\u00e9ographie est organis\u00e9 en partenariat avec les Archives de la ville de S\u00e9lestat. Son succ\u00e8s en 2017 nous permet de nous associer \u00e0 la Biblioth\u00e8que Humaniste pour cette session.<\/p>\n<p>Un article est paru dans la revue des <strong>Guerres mondiales et conflits contemporains<\/strong> disponible au prix de 5\u20ac. Cet article traite des prisonniers de guerre fran\u00e7ais dans l\u2019industrie du Reich.<\/p>\n<p><a href=\"https:\/\/www.cairn.info\/revue-guerres-mondiales-et-conflits-contemporains-2018-2-p-121.htm\">https:\/\/www.cairn.info\/revue-guerres-mondiales-et-conflits-contemporains-2018-2-p-121.htm<\/a><\/p>\n<p>Il&nbsp;participera \u00e0 la journ\u00e9e d&rsquo;\u00e9tude autour de Patrice Arnaud (1972-2017) le 14 novembre 2018 au M\u00e9moriel de Caen. Intitul\u00e9 \u00ab\u00a0les Fran\u00e7ais en Allemagne pendant la seconde guerre mondiale. Travail forc\u00e9 et r\u00e9pression politique\u00a0\u00bb.<\/p>\n<p>Une&nbsp;contribution pour la ville de Schiltigheim permettra au pal\u00e9ographe de r\u00e9aliser quelques interventions (exposition et conf\u00e9rence) dans le cadre de l&rsquo;exposition \u00ab\u00a0Krieg und Heimat\u00a0\u00bb&nbsp; &#8211; correspondance d&rsquo;un soldat schilikois dans la Grande Guerre. Expo visible du 31 octobre au 27 janvier 2019.<\/p>\n<p>Des \u00ab\u00a0Stolpersteine\u00a0\u00bb seront pos\u00e9es en Alsace en 2019 gr\u00e2ce aux recherches et \u00e0 l&rsquo;investissement de Christophe et de quelques communes. Nous recherchons actuellement des parrains et des marraines pour ces pierres et des soutiens financiers (dons d\u00e9fiscalis\u00e9s \u00e0 66%).<\/p>\n<p>Nous tenons d&rsquo;ores et d\u00e9j\u00e0 \u00e0 remercier les personnes engag\u00e9es dont Fran\u00e7oise Michaud pour leur collaboration sous forme de soutien p\u00e9dagogique et culturel.<\/p>\n<p style=\"text-align: center;\"><a href=\"http:\/\/elof.fr\/paleo\/wp-content\/uploads\/2012\/10\/StolpersteineFBParis.jpg\"><img loading=\"lazy\" decoding=\"async\" class=\"alignnone size-medium wp-image-368\" src=\"http:\/\/elof.fr\/paleo\/wp-content\/uploads\/2012\/10\/StolpersteineFBParis-300x184.jpg\" alt=\"StolpersteineFBParis\" width=\"300\" height=\"184\" srcset=\"http:\/\/elof.fr\/paleo\/wp-content\/uploads\/2012\/10\/StolpersteineFBParis-300x184.jpg 300w, http:\/\/elof.fr\/paleo\/wp-content\/uploads\/2012\/10\/StolpersteineFBParis-1024x629.jpg 1024w, http:\/\/elof.fr\/paleo\/wp-content\/uploads\/2012\/10\/StolpersteineFBParis.jpg 1391w\" sizes=\"auto, (max-width: 300px) 100vw, 300px\" \/><\/a><\/p>\n<p style=\"text-align: center;\">@Stolpersteine\u00e0Paris. Photo prise \u00e0 Amsterdam<\/p>\n<h2>2017<\/h2>\n<p>Des projets muris en 2016 se dessinent en 2017. La version fran\u00e7aise du manuscrit sur les prisonniers de guerre dans l&rsquo;industrie du Reich est \u00e0 pr\u00e9sent achev\u00e9e. Les relecteurs sont au travail et nous sommes \u00e0 la recherche d&rsquo;un \u00e9diteur national.<\/p>\n<p>A suivre&#8230;<\/p>\n<h2>2015<\/h2>\n<p><a href=\"http:\/\/elof.fr\/paleo\/wp-content\/uploads\/2013\/07\/PGIndiegogo.jpg\">HISTOIRE<\/a><\/p>\n<p>Dans le cadre de la pose de la pierre du souvenir, \u00ab\u00a0Stolperstein\u00a0\u00bb , Christophe Woehrl\u00e9 a fourni le contenu de ses recherches sur le prisonnier de guerre fran\u00e7ais Ferdinand Rapiteau \u00e0 la commune de Coux dont il est originaire. Gr\u00e2ce \u00e0 ce travail, la commune a fait r\u00e9aliser une exposition. Afin d&rsquo;honorer sa m\u00e9moire et d&rsquo;expliquer la pose de la pierre du souvenir&nbsp; (\u00e0 Coux et \u00e0 Bamberg), cette exposition sera itin\u00e9rante au sein de la communaut\u00e9 des communes de la Haute-Saintonge et une version bilingue sera pr\u00e9sent\u00e9e dans les \u00e9coles de Bamberg en Allemagne avec le soutien de l&rsquo;association Willy Aron.<\/p>\n<p style=\"text-align: center;\"><a href=\"http:\/\/elof.fr\/paleo\/wp-content\/uploads\/2012\/10\/panneau04-coux-e1415995094293.jpg\"><img loading=\"lazy\" decoding=\"async\" class=\" wp-image-214 aligncenter\" src=\"http:\/\/elof.fr\/paleo\/wp-content\/uploads\/2012\/10\/panneau04-coux-653x1024.jpg\" alt=\"Exposition F.Rapiteau\" width=\"392\" height=\"614\"><\/a><\/p>\n<p><a href=\"http:\/\/elof.fr\/paleo\/wp-content\/uploads\/2013\/07\/PGIndiegogo.jpg\">TRANSCRIPTIONS ET TRADUCTIONS<\/a><\/p>\n<p>Christophe Woehrl\u00e9 travaille actuellement, en collaboration avec un coll\u00e8gue historien allemand et une traductrice, sur un projet de publication du journal intime du prisonnier de guerre Albert Delachaux. La transcription et la traduction du document \u00e9tant r\u00e9alis\u00e9s, la r\u00e9daction d\u00e9bute cet hiver.<\/p>\n<p>Par ailleurs, l&rsquo;Universit\u00e9 de Bamberg, lui a confi\u00e9 la mission de transcription et d&rsquo;analyse d&rsquo;une correspondance compl\u00e8te entre un officier allemand et son \u00e9pouse datant de la Grande Guerre.<\/p>\n<p>S&rsquo;ajoutent diverses transcriptions priv\u00e9es.<\/p>\n<p>http:\/\/www.prisonniers-de-guerre.com<\/p>\n<p>https:\/\/www.facebook.com\/prisonniers.deguerre<\/p>\n<h2>2014<\/h2>\n<p><a href=\"http:\/\/elof.fr\/paleo\/wp-content\/uploads\/2013\/07\/PGIndiegogo.jpg\">RECHERCHES EN HISTOIRE<\/a><\/p>\n<p>La pose d&rsquo;une pierre du souvenir \u00ab\u00a0Stolperstein\u00a0\u00bb pour le prisonnier de guerre Rapiteau Ferdinand est \u00e0 l&rsquo;\u00e9tude actuellement. Ce Fran\u00e7ais prisonnier en Allemagne, a \u00e9t\u00e9 abattu en gare de Bamberg, sous les balles d\u2019un enfant de 16 ans, membre des jeunesses hitl\u00e9riennes.<\/p>\n<p>Vous pouvez contribuer au projet de Christophe Woehrl\u00e9 sous 3 formes diff\u00e9rentes, explications ci dessous :<\/p>\n<p><a href=\"http:\/\/www.prisonniers-de-guerre.com\/projet-un-stolperstein-pour-rapiteau-en-2014\/\" target=\"_blank\" rel=\"nofollow noopener\">http:\/\/www.prisonniers-de-guerre.com\/projet-un-stolperstein-pour-rapiteau-en-2014\/<\/a><\/p>\n<p><a href=\"http:\/\/elof.fr\/paleo\/wp-content\/uploads\/2013\/07\/PGIndiegogo.jpg\"><img loading=\"lazy\" decoding=\"async\" class=\"alignnone size-full wp-image-64\" title=\"PGIndiegogo\" src=\"http:\/\/elof.fr\/paleo\/wp-content\/uploads\/2013\/07\/PGIndiegogo.jpg\" alt=\"PrisonniersGuerre\" width=\"600\" height=\"400\" srcset=\"http:\/\/elof.fr\/paleo\/wp-content\/uploads\/2013\/07\/PGIndiegogo.jpg 600w, http:\/\/elof.fr\/paleo\/wp-content\/uploads\/2013\/07\/PGIndiegogo-300x200.jpg 300w\" sizes=\"auto, (max-width: 600px) 100vw, 600px\" \/><\/a><\/p>\n<p>Indirectement li\u00e9 \u00e0 la pal\u00e9ographie, Christophe Woehrl\u00e9 r\u00e9alise des recherches sur la captivit\u00e9 de plus de 700 prisonniers de guerre fran\u00e7ais et belges pendant la seconde guerre mondiale. Si vous souhaitez suivre ses derni\u00e8res avanc\u00e9es, rendez-vous sur le site internet&nbsp; de son travail de th\u00e8se :<\/p>\n<p><a href=\"http:\/\/elof.fr\/paleo\/wp-content\/uploads\/2013\/07\/PGIndiegogo.jpg\">TRANSCRIPTIONS ET TRADUCTIONS<\/a><\/p>\n<p><a href=\"http:\/\/elof.fr\/paleo\/wp-content\/uploads\/2013\/07\/PortailPaleoCopyright.jpg\"><img loading=\"lazy\" decoding=\"async\" class=\"alignnone  wp-image-62\" title=\"PortailPaleoCopyright\" src=\"http:\/\/elof.fr\/paleo\/wp-content\/uploads\/2013\/07\/PortailPaleoCopyright-1024x576.jpg\" alt=\"calligraphie2013\" width=\"614\" height=\"346\" srcset=\"http:\/\/elof.fr\/paleo\/wp-content\/uploads\/2013\/07\/PortailPaleoCopyright-1024x576.jpg 1024w, http:\/\/elof.fr\/paleo\/wp-content\/uploads\/2013\/07\/PortailPaleoCopyright-300x168.jpg 300w, http:\/\/elof.fr\/paleo\/wp-content\/uploads\/2013\/07\/PortailPaleoCopyright.jpg 1920w\" sizes=\"auto, (max-width: 614px) 100vw, 614px\" \/><\/a><\/p>\n<p>Christophe Woehrl\u00e9 travaille actuellement \u00e0 la mise en lumi\u00e8re d&rsquo;\u00e9crits de Sigmund Freud. Ces textes font partie d&rsquo;une correspondance et seront publi\u00e9s prochainement dans le cadre d&rsquo;une \u00e9tude.<\/p>\n<p>Il travaille \u00e9galement sur 2 documents des archives de la ville de Marckolsheim. Le 1er concerne des comptes de fabrique de la ville et le second un r\u00e8glement concernant les juifs de la ville, ces deux documents exceptionnels datent du d\u00e9but du 17e si\u00e8cle.<\/p>","protected":false},"excerpt":{"rendered":"<p>2021 Les projets pal\u00e9ographiques actuels sont essentiellement ax\u00e9s sur les recherches de dossiers de victimes du nazisme pour aboutir \u00e0 la pose de Stolpersteine en France. Des sessions de lectures pal\u00e9ographiques seront organis\u00e9es en dehors du s\u00e9minaire de pal\u00e9ographie en soir\u00e9e en partenariat avec les archives de la ville de S\u00e9lestat. Renseignements et dates aupr\u00e8s [&hellip;]<\/p>\n","protected":false},"author":1,"featured_media":0,"parent":0,"menu_order":2,"comment_status":"closed","ping_status":"closed","template":"","meta":{"footnotes":""},"class_list":["post-2","page","type-page","status-publish","hentry"],"_links":{"self":[{"href":"http:\/\/elof.fr\/paleo\/index.php?rest_route=\/wp\/v2\/pages\/2","targetHints":{"allow":["GET"]}}],"collection":[{"href":"http:\/\/elof.fr\/paleo\/index.php?rest_route=\/wp\/v2\/pages"}],"about":[{"href":"http:\/\/elof.fr\/paleo\/index.php?rest_route=\/wp\/v2\/types\/page"}],"author":[{"embeddable":true,"href":"http:\/\/elof.fr\/paleo\/index.php?rest_route=\/wp\/v2\/users\/1"}],"replies":[{"embeddable":true,"href":"http:\/\/elof.fr\/paleo\/index.php?rest_route=%2Fwp%2Fv2%2Fcomments&post=2"}],"version-history":[{"count":51,"href":"http:\/\/elof.fr\/paleo\/index.php?rest_route=\/wp\/v2\/pages\/2\/revisions"}],"predecessor-version":[{"id":417,"href":"http:\/\/elof.fr\/paleo\/index.php?rest_route=\/wp\/v2\/pages\/2\/revisions\/417"}],"wp:attachment":[{"href":"http:\/\/elof.fr\/paleo\/index.php?rest_route=%2Fwp%2Fv2%2Fmedia&parent=2"}],"curies":[{"name":"wp","href":"https:\/\/api.w.org\/{rel}","templated":true}]}}