{"id":6,"date":"2012-10-08T10:55:13","date_gmt":"2012-10-08T09:55:13","guid":{"rendered":"http:\/\/elof.fr\/experimental\/?page_id=6"},"modified":"2013-10-26T23:01:37","modified_gmt":"2013-10-26T22:01:37","slug":"publications","status":"publish","type":"page","link":"http:\/\/elof.fr\/editions\/?page_id=6","title":{"rendered":"Publications"},"content":{"rendered":"<h3 style=\"text-align: left;\"><\/h3>\n<h3><span style=\"color: #60915f;\"><strong>Litt\u00e9nature : des animaux &amp; des mots<\/strong><\/span><\/h3>\n<p><strong><br \/>\n<\/strong><\/p>\n<h3 style=\"text-align: left;\"><strong><a href=\"http:\/\/elof.fr\/editions\/wp-content\/uploads\/2013\/10\/littenatureLoupWeb.jpg\"><img loading=\"lazy\" decoding=\"async\" class=\"size-thumbnail wp-image-333 alignleft\" title=\"littenatureLoupWeb\" src=\"http:\/\/elof.fr\/editions\/wp-content\/uploads\/2013\/10\/littenatureLoupWeb-150x150.jpg\" alt=\"\" width=\"150\" height=\"150\" srcset=\"http:\/\/elof.fr\/editions\/wp-content\/uploads\/2013\/10\/littenatureLoupWeb-150x150.jpg 150w, http:\/\/elof.fr\/editions\/wp-content\/uploads\/2013\/10\/littenatureLoupWeb-300x300.jpg 300w, http:\/\/elof.fr\/editions\/wp-content\/uploads\/2013\/10\/littenatureLoupWeb.jpg 612w\" sizes=\"auto, (max-width: 150px) 100vw, 150px\" \/><\/a><\/strong><\/h3>\n<p><a href=\"http:\/\/elof.fr\/editions\/wp-content\/uploads\/2013\/10\/littenatureBeletteWeb.jpg\"><img loading=\"lazy\" decoding=\"async\" class=\"alignright size-thumbnail wp-image-328\" title=\"littenatureBeletteWeb\" src=\"http:\/\/elof.fr\/editions\/wp-content\/uploads\/2013\/10\/littenatureBeletteWeb-150x150.jpg\" alt=\"\" width=\"150\" height=\"150\" srcset=\"http:\/\/elof.fr\/editions\/wp-content\/uploads\/2013\/10\/littenatureBeletteWeb-150x150.jpg 150w, http:\/\/elof.fr\/editions\/wp-content\/uploads\/2013\/10\/littenatureBeletteWeb-300x300.jpg 300w, http:\/\/elof.fr\/editions\/wp-content\/uploads\/2013\/10\/littenatureBeletteWeb.jpg 612w\" sizes=\"auto, (max-width: 150px) 100vw, 150px\" \/><\/a><\/p>\n<p>De d\u00e9finitions en citations, partageons un moment de <strong>LITT\u00c9NATURE<\/strong>. En revisitant les fables de La Fontaine, d\u00e9couvrez les mots et les maux des animaux. En relisant les textes anciens, au fil des rimes, donnons \u00e0 chaque mot son sens, essayons de saisir le lien \u00e9troit entre l\u2019homme et l\u2019animal.<\/p>\n<p style=\"text-align: left;\">Le Loup et la Cigogne &amp; La Chauve-souris et les deux Belettes<\/p>\n<p style=\"text-align: justify;\">Un seul ouvrage format 21X21 cm, 88 pages. Parution en novembre 2013<\/p>\n<p>Pour toute commande, veuillez contacter les \u00c9ditions ELOF<\/p>\n<p>&nbsp;<\/p>\n<h3 style=\"text-align: justify;\"><span style=\"color: #339966;\"><strong>Boires et d\u00e9boires du Grand Hamster<\/strong><\/span><\/h3>\n<p style=\"text-align: justify;\"><a href=\"http:\/\/elof.fr\/editions\/wp-content\/uploads\/2012\/10\/Couverture-Boires-et-d\u00e9boires3WEB2.jpg\"><img loading=\"lazy\" decoding=\"async\" class=\"alignleft  wp-image-87\" title=\"Boires et d\u00e9boires du Grand Hamster\" src=\"http:\/\/elof.fr\/editions\/wp-content\/uploads\/2012\/10\/Couverture-Boires-et-d\u00e9boires3WEB2-300x298.jpg\" alt=\"\" width=\"180\" height=\"179\" srcset=\"http:\/\/elof.fr\/editions\/wp-content\/uploads\/2012\/10\/Couverture-Boires-et-d\u00e9boires3WEB2-300x298.jpg 300w, http:\/\/elof.fr\/editions\/wp-content\/uploads\/2012\/10\/Couverture-Boires-et-d\u00e9boires3WEB2-150x150.jpg 150w, http:\/\/elof.fr\/editions\/wp-content\/uploads\/2012\/10\/Couverture-Boires-et-d\u00e9boires3WEB2-1024x1019.jpg 1024w, http:\/\/elof.fr\/editions\/wp-content\/uploads\/2012\/10\/Couverture-Boires-et-d\u00e9boires3WEB2.jpg 1703w\" sizes=\"auto, (max-width: 180px) 100vw, 180px\" \/><\/a>La situation continue \u00e0 se d\u00e9grader et la liste d&rsquo;esp\u00e8ces en voie de disparition de l\u2019Union Internationale pour la Conservation de la Nature ne cesse d\u2019augmenter. Le Grand Hamster, appel\u00e9 dans notre r\u00e9gion \u00ab Marmotte de Strasbourg\u00bb ou \u00ab Kornferkle \u00bb, y figure en bonne place.<br \/>\nD\u00e9couvrez dans un voyage au cours de l\u2019histoire, cet animal embl\u00e9matique qui d\u00e9fraye la chronique et ne laisse personne indiff\u00e9rent. Pour comprendre sa situation et conna\u00eetre ses habitudes, plongez au c\u0153ur de ses p\u00e9r\u00e9grinations s\u00e9culaires.<\/p>\n<p style=\"text-align: justify;\">Format 21X21 cm, 69 pages. Parution en 2011<\/p>\n<h3 style=\"text-align: justify;\"><strong><span style=\"color: #339966;\">Il \u00e9tait une fois le Lynx<\/span><\/strong><\/h3>\n<p style=\"text-align: justify;\"><a href=\"http:\/\/elof.fr\/editions\/wp-content\/uploads\/2012\/10\/Couverture-Lynx.jpg\"><img loading=\"lazy\" decoding=\"async\" class=\"alignleft  wp-image-83\" title=\"Il \u00e9tait une fois le Lynx\" src=\"http:\/\/elof.fr\/editions\/wp-content\/uploads\/2012\/10\/Couverture-Lynx-300x289.jpg\" alt=\"\" width=\"180\" height=\"173\" srcset=\"http:\/\/elof.fr\/editions\/wp-content\/uploads\/2012\/10\/Couverture-Lynx-300x289.jpg 300w, http:\/\/elof.fr\/editions\/wp-content\/uploads\/2012\/10\/Couverture-Lynx-1024x987.jpg 1024w, http:\/\/elof.fr\/editions\/wp-content\/uploads\/2012\/10\/Couverture-Lynx.jpg 1240w\" sizes=\"auto, (max-width: 180px) 100vw, 180px\" \/><\/a>De retour dans la plupart des massifs montagneux de France et d\u2019Europe, le Lynx n\u2019a pas toujours v\u00e9cu en harmonie avec l\u2019homme et ce dernier l\u2019a d\u00e9finitivement \u00e9limin\u00e9 de la surface de notre territoire au cours du si\u00e8cle dernier.<br \/>\nEn tournant notre regard sur l\u2019histoire du Lynx et de notre civilisation, nos yeux s\u2019ouvrent sur une r\u00e9alit\u00e9 bien actuelle et nous donne la mesure du chemin qu\u2019il reste \u00e0 parcourir pour trouver un \u00e9quilibre entre nous et notre environnement.<\/p>\n<p style=\"text-align: justify;\">Format 21X21 cm, 79 pages. Parution en 2011<\/p>\n<blockquote>\n<p style=\"text-align: justify;\">Cliquez ici pour visualiser la section sur l\u2019\u00e9tymologie : <a href=\"http:\/\/elof.fr\/editions\/wp-content\/uploads\/2013\/01\/etymologieLYNX.pdf\">lien<\/a><\/p>\n<\/blockquote>\n<h3 style=\"text-align: justify;\"><\/h3>\n<h3 style=\"text-align: justify;\"><strong><span style=\"color: #339966;\">La Loutre au fil de l&rsquo;eau<\/span><\/strong><\/h3>\n<p style=\"text-align: justify;\"><span style=\"font-family: Arial,sans-serif;\"><a href=\"http:\/\/elof.fr\/editions\/wp-content\/uploads\/2012\/10\/loutreCouverture2.png\"><img loading=\"lazy\" decoding=\"async\" class=\"alignleft  wp-image-80\" title=\"La loutre au fil de l'eau\" src=\"http:\/\/elof.fr\/editions\/wp-content\/uploads\/2012\/10\/loutreCouverture2.png\" alt=\"\" width=\"161\" height=\"161\" srcset=\"http:\/\/elof.fr\/editions\/wp-content\/uploads\/2012\/10\/loutreCouverture2.png 827w, http:\/\/elof.fr\/editions\/wp-content\/uploads\/2012\/10\/loutreCouverture2-150x150.png 150w, http:\/\/elof.fr\/editions\/wp-content\/uploads\/2012\/10\/loutreCouverture2-300x300.png 300w\" sizes=\"auto, (max-width: 161px) 100vw, 161px\" \/><\/a><\/span><\/p>\n<p style=\"text-align: justify;\">L&rsquo;eau, \u00e9l\u00e9ment essentiel \u00e0 l&rsquo;homme et \u00e0 la Loutre. Pour l&rsquo;un et l&rsquo;autre, le respect et la sauvegarde des r\u00e9serves en eau, sont la condition sine qua non de leur survie. La Loutre a d\u00e9j\u00e0 disparue de nos rivi\u00e8res, nous montrant ainsi que le temps est venu pour nous de veiller sur notre environnement au risque, comme elle, de voir nos ressources en eau potable se r\u00e9duire.<br \/>\nEn tournant notre regard sur l\u2019histoire de la Loutre et notre environnement, il nous est possible de mesurer l&rsquo;impact de nos comportements sur le monde qui nous entoure. Le monde \u00e9volue, \u00e0 nous d&rsquo;en faire un monde o\u00f9 chacun trouve sa place.<\/p>\n<p style=\"text-align: justify;\">Format 21X21 cm, 81 pages. Parution en 2011<\/p>\n<p align=\"JUSTIFY\"><span style=\"font-family: Arial,sans-serif;\">Pour toute commande, veuillez contacter les \u00c9ditions ELOF<\/span><\/p>\n<blockquote>\n<p align=\"JUSTIFY\"><span style=\"font-family: Arial,sans-serif;\"><strong>Pour les autres publications, veuillez s\u00e9lectionner l&rsquo;onglet \u00ab\u00a0Ailleurs\u00a0\u00bb<br \/>\n<\/strong><\/span><\/p>\n<\/blockquote>\n","protected":false},"excerpt":{"rendered":"<p>Litt\u00e9nature : des animaux &amp; des mots De d\u00e9finitions en citations, partageons un moment de LITT\u00c9NATURE. En revisitant les fables de La Fontaine, d\u00e9couvrez les mots et les maux des animaux. En relisant les textes anciens, au fil des rimes, donnons \u00e0 chaque mot son sens, essayons de saisir le lien \u00e9troit entre l\u2019homme et [&hellip;]<\/p>\n","protected":false},"author":1,"featured_media":0,"parent":0,"menu_order":2,"comment_status":"open","ping_status":"open","template":"","meta":{"footnotes":""},"class_list":["post-6","page","type-page","status-publish","hentry"],"_links":{"self":[{"href":"http:\/\/elof.fr\/editions\/index.php?rest_route=\/wp\/v2\/pages\/6","targetHints":{"allow":["GET"]}}],"collection":[{"href":"http:\/\/elof.fr\/editions\/index.php?rest_route=\/wp\/v2\/pages"}],"about":[{"href":"http:\/\/elof.fr\/editions\/index.php?rest_route=\/wp\/v2\/types\/page"}],"author":[{"embeddable":true,"href":"http:\/\/elof.fr\/editions\/index.php?rest_route=\/wp\/v2\/users\/1"}],"replies":[{"embeddable":true,"href":"http:\/\/elof.fr\/editions\/index.php?rest_route=%2Fwp%2Fv2%2Fcomments&post=6"}],"version-history":[{"count":42,"href":"http:\/\/elof.fr\/editions\/index.php?rest_route=\/wp\/v2\/pages\/6\/revisions"}],"predecessor-version":[{"id":346,"href":"http:\/\/elof.fr\/editions\/index.php?rest_route=\/wp\/v2\/pages\/6\/revisions\/346"}],"wp:attachment":[{"href":"http:\/\/elof.fr\/editions\/index.php?rest_route=%2Fwp%2Fv2%2Fmedia&parent=6"}],"curies":[{"name":"wp","href":"https:\/\/api.w.org\/{rel}","templated":true}]}}