{"id":379,"date":"2014-02-17T15:55:26","date_gmt":"2014-02-17T14:55:26","guid":{"rendered":"http:\/\/elof.fr\/editions\/?page_id=379"},"modified":"2014-02-17T18:30:43","modified_gmt":"2014-02-17T17:30:43","slug":"bonus","status":"publish","type":"page","link":"http:\/\/elof.fr\/editions\/?page_id=379","title":{"rendered":"Bonus"},"content":{"rendered":"<p>&nbsp;<\/p>\n<p>Pour illustrer la sortie de <strong>LITTENATURE, des animaux et des mots<\/strong>, nous vous proposons de d\u00e9couvrir des fables de La Fontaine en vid\u00e9o :<\/p>\n<p><a href=\"http:\/\/www.jedessine.com\/c_18659\/videos\/videos-les-fables-de-la-fontaine\/le-renard-et-la-cigogne\"><img loading=\"lazy\" decoding=\"async\" class=\"aligncenter size-full wp-image-384\" title=\"renardcigogne\" src=\"http:\/\/elof.fr\/editions\/wp-content\/uploads\/2014\/02\/renardcigogne.jpg\" alt=\"\" width=\"220\" height=\"220\" srcset=\"http:\/\/elof.fr\/editions\/wp-content\/uploads\/2014\/02\/renardcigogne.jpg 220w, http:\/\/elof.fr\/editions\/wp-content\/uploads\/2014\/02\/renardcigogne-150x150.jpg 150w\" sizes=\"auto, (max-width: 220px) 100vw, 220px\" \/><\/a><\/p>\n<p style=\"text-align: center;\">Le Renard et la Cigogne<\/p>\n<p style=\"text-align: left;\"><a href=\"http:\/\/www.jedessine.com\/c_18659\/videos\/videos-les-fables-de-la-fontaine\/le-renard-et-la-cigogne\">http:\/\/www.jedessine.com\/c_18659\/videos\/videos-les-fables-de-la-fontaine\/le-renard-et-la-cigogne<\/a><\/p>\n<p>\u00a0<a href=\"http:\/\/www.jedessine.com\/c_17994\/videos\/videos-les-fables-de-la-fontaine\/le-loup-et-l-agneau\"><img loading=\"lazy\" decoding=\"async\" class=\"aligncenter size-medium wp-image-396\" title=\"loupagneau\" src=\"http:\/\/elof.fr\/editions\/wp-content\/uploads\/2014\/02\/loupagneau-300x225.jpg\" alt=\"\" width=\"300\" height=\"225\" srcset=\"http:\/\/elof.fr\/editions\/wp-content\/uploads\/2014\/02\/loupagneau-300x225.jpg 300w, http:\/\/elof.fr\/editions\/wp-content\/uploads\/2014\/02\/loupagneau.jpg 480w\" sizes=\"auto, (max-width: 300px) 100vw, 300px\" \/><\/a><\/p>\n<p style=\"text-align: center;\">\u00a0Le Loup et l&rsquo;Agneau<\/p>\n<p><a href=\"http:\/\/www.jedessine.com\/c_17994\/videos\/videos-les-fables-de-la-fontaine\/le-loup-et-l-agneau\">http:\/\/www.jedessine.com\/c_17994\/videos\/videos-les-fables-de-la-fontaine\/le-loup-et-l-agneau<\/a><\/p>\n<p>&nbsp;<\/p>\n<p>&nbsp;<\/p>\n<p>&nbsp;<\/p>\n<h1>Jouez avec les animaux<\/h1>\n<p>Voici une petite s\u00e9lection de jeux qui s&rsquo;adressent tant aux enfants qu&rsquo;aux adultes !<\/p>\n<p>&nbsp;<\/p>\n<p><a href=\"http:\/\/www.jeux.fr\/jeu\/the-quest-for-the-golden-wheel.html\"><img loading=\"lazy\" decoding=\"async\" class=\"aligncenter size-full wp-image-390\" title=\"HarryHamster\" src=\"http:\/\/elof.fr\/editions\/wp-content\/uploads\/2014\/02\/HarryHamster.jpg\" alt=\"\" width=\"160\" height=\"96\" \/><\/a><\/p>\n<p style=\"text-align: center;\">Jouez avec Harry le Hamster<\/p>\n<p>Guidez et aidez Harry le Hamster \u00e0 collecter toutes les pi\u00e8ces de la roue d&rsquo;or, pour cela il doit faire le tour du monde \u00e0 travers son terrier.<\/p>\n<p><a href=\"http:\/\/www.jeux.fr\/jeu\/the-quest-for-the-golden-wheel.html\">http:\/\/www.jeux.fr\/jeu\/the-quest-for-the-golden-wheel.html<\/a><\/p>\n<p>&nbsp;<\/p>\n<p>&nbsp;<\/p>\n<p><a href=\"http:\/\/www.jeux.fr\/jeu\/Bob-lescargot.html\"><img loading=\"lazy\" decoding=\"async\" class=\"aligncenter  wp-image-389\" title=\"bobl'escargot\" src=\"http:\/\/elof.fr\/editions\/wp-content\/uploads\/2014\/02\/boblescargot.jpg\" alt=\"\" width=\"180\" height=\"135\" \/><\/a><\/p>\n<p style=\"text-align: center;\">Jouez avec Bob l&rsquo;Escargot<\/p>\n<p>Des humains ont d\u00e9truit la maison de BOB, il a besoin d&rsquo;une nouvelle maison ! Guidez-le dans son long voyage sur le chantier de destruction &#8230;<\/p>\n<p><a href=\"http:\/\/www.jeux.fr\/jeu\/Bob-lescargot.html\">http:\/\/www.jeux.fr\/jeu\/Bob-lescargot.html<\/a><\/p>\n<p>&nbsp;<\/p>\n<p><a href=\"http:\/\/www.jeux.fr\/jeu\/Bob-lescargot-2.html\"><img loading=\"lazy\" decoding=\"async\" class=\"aligncenter  wp-image-391\" title=\"Bob2\" src=\"http:\/\/elof.fr\/editions\/wp-content\/uploads\/2014\/02\/Bob2.jpg\" alt=\"\" width=\"185\" height=\"140\" \/><\/a><\/p>\n<p style=\"text-align: center;\">Jouez avec Bob l&rsquo;Escargot<\/p>\n<p>Bob l&rsquo;Escargot est de retour &#8211; et il doit absolument se rendre \u00e0 la f\u00eate d&rsquo;anniversaire de son grand-p\u00e8re ! Quelles p\u00e9rip\u00e9ties va-t-il devoir affronter dans la Nature ?<\/p>\n<p><a href=\"http:\/\/www.jeux.fr\/jeu\/Bob-lescargot-2.html\">http:\/\/www.jeux.fr\/jeu\/Bob-lescargot-2.html<\/a><\/p>\n<p>&nbsp;<\/p>\n<p><a href=\"http:\/\/www.jeux.fr\/jeu\/Petit-oiseau-Birdo.html\"><img loading=\"lazy\" decoding=\"async\" class=\"aligncenter size-full wp-image-399\" title=\"birdo\" src=\"http:\/\/elof.fr\/editions\/wp-content\/uploads\/2014\/02\/birdo.jpg\" alt=\"\" width=\"160\" height=\"96\" \/><\/a><\/p>\n<p style=\"text-align: center;\">Birdo le petit Oiseau<\/p>\n<p style=\"text-align: left;\">Un jeu pour les plus petits ! Birdo vole et attrape le pain.<\/p>\n<p><a href=\"http:\/\/www.jeux.fr\/jeu\/Petit-oiseau-Birdo.html\">http:\/\/www.jeux.fr\/jeu\/Petit-oiseau-Birdo.html<\/a><\/p>\n","protected":false},"excerpt":{"rendered":"<p>&nbsp; Pour illustrer la sortie de LITTENATURE, des animaux et des mots, nous vous proposons de d\u00e9couvrir des fables de La Fontaine en vid\u00e9o : Le Renard et la Cigogne http:\/\/www.jedessine.com\/c_18659\/videos\/videos-les-fables-de-la-fontaine\/le-renard-et-la-cigogne \u00a0 \u00a0Le Loup et l&rsquo;Agneau http:\/\/www.jedessine.com\/c_17994\/videos\/videos-les-fables-de-la-fontaine\/le-loup-et-l-agneau &nbsp; &nbsp; &nbsp; Jouez avec les animaux Voici une petite s\u00e9lection de jeux qui s&rsquo;adressent tant aux enfants [&hellip;]<\/p>\n","protected":false},"author":2,"featured_media":0,"parent":0,"menu_order":5,"comment_status":"closed","ping_status":"open","template":"","meta":{"footnotes":""},"class_list":["post-379","page","type-page","status-publish","hentry"],"_links":{"self":[{"href":"http:\/\/elof.fr\/editions\/index.php?rest_route=\/wp\/v2\/pages\/379","targetHints":{"allow":["GET"]}}],"collection":[{"href":"http:\/\/elof.fr\/editions\/index.php?rest_route=\/wp\/v2\/pages"}],"about":[{"href":"http:\/\/elof.fr\/editions\/index.php?rest_route=\/wp\/v2\/types\/page"}],"author":[{"embeddable":true,"href":"http:\/\/elof.fr\/editions\/index.php?rest_route=\/wp\/v2\/users\/2"}],"replies":[{"embeddable":true,"href":"http:\/\/elof.fr\/editions\/index.php?rest_route=%2Fwp%2Fv2%2Fcomments&post=379"}],"version-history":[{"count":16,"href":"http:\/\/elof.fr\/editions\/index.php?rest_route=\/wp\/v2\/pages\/379\/revisions"}],"predecessor-version":[{"id":383,"href":"http:\/\/elof.fr\/editions\/index.php?rest_route=\/wp\/v2\/pages\/379\/revisions\/383"}],"wp:attachment":[{"href":"http:\/\/elof.fr\/editions\/index.php?rest_route=%2Fwp%2Fv2%2Fmedia&parent=379"}],"curies":[{"name":"wp","href":"https:\/\/api.w.org\/{rel}","templated":true}]}}