{"id":2,"date":"2013-01-27T14:29:02","date_gmt":"2013-01-27T13:29:02","guid":{"rendered":"http:\/\/elof.fr\/experimental\/?page_id=2"},"modified":"2018-10-14T19:56:10","modified_gmt":"2018-10-14T18:56:10","slug":"page-d-exemple","status":"publish","type":"page","link":"http:\/\/elof.fr\/editions\/","title":{"rendered":"Editions ELOF"},"content":{"rendered":"<p><span style=\"color: #60915f;\"><strong>BIENVENUE sur notre site des auto-\u00e9ditions ELOF<br \/>\n<\/strong><\/span><\/p>\n<p>Les \u00c9ditions ELOF ont \u00e9t\u00e9 cr\u00e9\u00e9es en mars 2011 dans le but d&rsquo;\u00e9diter des ouvrages \u00ab\u00a0naturo-historiques\u00a0\u00bb.<\/p>\n<p>Christelle Biry, licenci\u00e9e en arts visuels et animatrice nature, environnement et patrimoine dirige, au sein des \u00c9ditions ELOF, diverses actions dont la conception et la r\u00e9alisation graphique de tous les supports n\u00e9cessaires aux pr\u00e9sentations et publications. Elle se charge \u00e9galement des corrections, de la diffusion, de la promotion et de la communication des \u00e9ditions. Elle est le lien incontournable entre l&rsquo;id\u00e9e et la concr\u00e9tisation de nos projets.<\/p>\n<blockquote><p>Mille mercis \u00e0 Pierre sans qui notre site n&rsquo;aurait pas vu le jour.<\/p><\/blockquote>\n","protected":false},"excerpt":{"rendered":"<p>BIENVENUE sur notre site des auto-\u00e9ditions ELOF Les \u00c9ditions ELOF ont \u00e9t\u00e9 cr\u00e9\u00e9es en mars 2011 dans le but d&rsquo;\u00e9diter des ouvrages \u00ab\u00a0naturo-historiques\u00a0\u00bb. Christelle Biry, licenci\u00e9e en arts visuels et animatrice nature, environnement et patrimoine dirige, au sein des \u00c9ditions ELOF, diverses actions dont la conception et la r\u00e9alisation graphique de tous les supports n\u00e9cessaires [&hellip;]<\/p>\n","protected":false},"author":1,"featured_media":0,"parent":0,"menu_order":1,"comment_status":"open","ping_status":"open","template":"","meta":{"footnotes":""},"class_list":["post-2","page","type-page","status-publish","hentry"],"_links":{"self":[{"href":"http:\/\/elof.fr\/editions\/index.php?rest_route=\/wp\/v2\/pages\/2","targetHints":{"allow":["GET"]}}],"collection":[{"href":"http:\/\/elof.fr\/editions\/index.php?rest_route=\/wp\/v2\/pages"}],"about":[{"href":"http:\/\/elof.fr\/editions\/index.php?rest_route=\/wp\/v2\/types\/page"}],"author":[{"embeddable":true,"href":"http:\/\/elof.fr\/editions\/index.php?rest_route=\/wp\/v2\/users\/1"}],"replies":[{"embeddable":true,"href":"http:\/\/elof.fr\/editions\/index.php?rest_route=%2Fwp%2Fv2%2Fcomments&post=2"}],"version-history":[{"count":63,"href":"http:\/\/elof.fr\/editions\/index.php?rest_route=\/wp\/v2\/pages\/2\/revisions"}],"predecessor-version":[{"id":535,"href":"http:\/\/elof.fr\/editions\/index.php?rest_route=\/wp\/v2\/pages\/2\/revisions\/535"}],"wp:attachment":[{"href":"http:\/\/elof.fr\/editions\/index.php?rest_route=%2Fwp%2Fv2%2Fmedia&parent=2"}],"curies":[{"name":"wp","href":"https:\/\/api.w.org\/{rel}","templated":true}]}}