{"id":12,"date":"2012-10-08T10:56:40","date_gmt":"2012-10-08T09:56:40","guid":{"rendered":"http:\/\/elof.fr\/experimental\/?page_id=12"},"modified":"2017-10-05T19:42:01","modified_gmt":"2017-10-05T18:42:01","slug":"nous-contacter","status":"publish","type":"page","link":"http:\/\/elof.fr\/editions\/?page_id=12","title":{"rendered":"Contact"},"content":{"rendered":"<p>Vous souhaitez contacter les \u00e9ditions :<\/p>\n<p>Editions ELOF<\/p>\n<p>Chez Christelle BIRY<\/p>\n<p>15 rue du Rempart Est<\/p>\n<p>67390 Marckolsheim<\/p>\n<p>Courriel : <a title=\"editions@elof.fr\" href=\"mailto:editions@elof.fr\">editions@elof.fr<\/a><\/p>\n<p>&nbsp;<\/p>\n<p>Vous souhaitez contacter le webmestre :<\/p>\n<p>Christelle BIRY<\/p>\n<p><a title=\"cbiry@elof.fr\" href=\"mailto:cbiry@elof.fr\">cbiry@elof.fr<\/a><\/p>\n<p>Nous vous remercions de nous informer par mail si vous ne souhaitez plus recevoir nos informations concernant nos publications, nos conf\u00e9rences et autres activit\u00e9s.<\/p>\n<p>Nous vous invitons \u00e0 consulter le site internet de Christophe Woehrl\u00e9 d\u00e9di\u00e9 \u00e0 ses recherches sur les prisonniers de guerre fran\u00e7ais<br \/>\n<a href=\"http:\/\/www.prisonniersdeguerre.com\/\">www.prisonniersdeguerre.com<\/a><\/p>\n<p>&nbsp;<br \/>\nAinsi que la page Facebook<br \/>\n<a href=\"https:\/\/www.facebook.com\/prisonniersdeguerre\/?pnref=lhc\">@prisonniersdeguerre<\/a><\/p>\n<p>&nbsp;<\/p>\n","protected":false},"excerpt":{"rendered":"<p>Vous souhaitez contacter les \u00e9ditions : Editions ELOF Chez Christelle BIRY 15 rue du Rempart Est 67390 Marckolsheim Courriel : editions@elof.fr &nbsp; Vous souhaitez contacter le webmestre : Christelle BIRY cbiry@elof.fr Nous vous remercions de nous informer par mail si vous ne souhaitez plus recevoir nos informations concernant nos publications, nos conf\u00e9rences et autres activit\u00e9s. [&hellip;]<\/p>\n","protected":false},"author":1,"featured_media":0,"parent":0,"menu_order":6,"comment_status":"open","ping_status":"open","template":"","meta":{"footnotes":""},"class_list":["post-12","page","type-page","status-publish","hentry"],"_links":{"self":[{"href":"http:\/\/elof.fr\/editions\/index.php?rest_route=\/wp\/v2\/pages\/12","targetHints":{"allow":["GET"]}}],"collection":[{"href":"http:\/\/elof.fr\/editions\/index.php?rest_route=\/wp\/v2\/pages"}],"about":[{"href":"http:\/\/elof.fr\/editions\/index.php?rest_route=\/wp\/v2\/types\/page"}],"author":[{"embeddable":true,"href":"http:\/\/elof.fr\/editions\/index.php?rest_route=\/wp\/v2\/users\/1"}],"replies":[{"embeddable":true,"href":"http:\/\/elof.fr\/editions\/index.php?rest_route=%2Fwp%2Fv2%2Fcomments&post=12"}],"version-history":[{"count":18,"href":"http:\/\/elof.fr\/editions\/index.php?rest_route=\/wp\/v2\/pages\/12\/revisions"}],"predecessor-version":[{"id":530,"href":"http:\/\/elof.fr\/editions\/index.php?rest_route=\/wp\/v2\/pages\/12\/revisions\/530"}],"wp:attachment":[{"href":"http:\/\/elof.fr\/editions\/index.php?rest_route=%2Fwp%2Fv2%2Fmedia&parent=12"}],"curies":[{"name":"wp","href":"https:\/\/api.w.org\/{rel}","templated":true}]}}