{"id":33,"date":"2013-01-26T23:46:05","date_gmt":"2013-01-26T22:46:05","guid":{"rendered":"http:\/\/elof.fr\/conferences\/?page_id=33"},"modified":"2013-04-03T14:19:58","modified_gmt":"2013-04-03T13:19:58","slug":"contact","status":"publish","type":"page","link":"http:\/\/elof.fr\/conferences\/?page_id=33","title":{"rendered":"Contact"},"content":{"rendered":"<p>Vous souhaitez plus de renseignements ou faire une r\u00e9servation :<\/p>\n<p><a title=\"contact@elof.fr\" href=\"mailto:contact@elof.fr\">contact@elof.fr<\/a><\/p>\n<p>&nbsp;<\/p>\n<p>Vous souhaitez des donn\u00e9es techniques pour les conf\u00e9rences :<\/p>\n<p>Christophe WOEHRLE<\/p>\n<p><a title=\"cwoehrle@elof.fr\" href=\"mailto:cwoehrle@elof.fr\">cwoehrle@elof.fr<\/a><\/p>\n<p>&nbsp;<\/p>\n<p>Vous souhaitez contacter le webmestre :<\/p>\n<p>Christelle BIRY<\/p>\n<p><a title=\"cbiry@elof.fr\" href=\"mailto:cbiry@elof.fr\">cbiry@elof.fr<\/a><\/p>\n<p>Nous vous remercions de nous informer par mail si vous ne souhaitez plus recevoir nos informations concernant nos publications, nos conf\u00e9rences et autres activit\u00e9s.<\/p>\n","protected":false},"excerpt":{"rendered":"<p>Vous souhaitez plus de renseignements ou faire une r\u00e9servation : contact@elof.fr &nbsp; Vous souhaitez des donn\u00e9es techniques pour les conf\u00e9rences : Christophe WOEHRLE cwoehrle@elof.fr &nbsp; Vous souhaitez contacter le webmestre : Christelle BIRY cbiry@elof.fr Nous vous remercions de nous informer par mail si vous ne souhaitez plus recevoir nos informations concernant nos publications, nos conf\u00e9rences [&hellip;]<\/p>\n","protected":false},"author":1,"featured_media":0,"parent":0,"menu_order":5,"comment_status":"open","ping_status":"open","template":"","meta":{"footnotes":""},"class_list":["post-33","page","type-page","status-publish","hentry"],"_links":{"self":[{"href":"http:\/\/elof.fr\/conferences\/index.php?rest_route=\/wp\/v2\/pages\/33","targetHints":{"allow":["GET"]}}],"collection":[{"href":"http:\/\/elof.fr\/conferences\/index.php?rest_route=\/wp\/v2\/pages"}],"about":[{"href":"http:\/\/elof.fr\/conferences\/index.php?rest_route=\/wp\/v2\/types\/page"}],"author":[{"embeddable":true,"href":"http:\/\/elof.fr\/conferences\/index.php?rest_route=\/wp\/v2\/users\/1"}],"replies":[{"embeddable":true,"href":"http:\/\/elof.fr\/conferences\/index.php?rest_route=%2Fwp%2Fv2%2Fcomments&post=33"}],"version-history":[{"count":9,"href":"http:\/\/elof.fr\/conferences\/index.php?rest_route=\/wp\/v2\/pages\/33\/revisions"}],"predecessor-version":[{"id":322,"href":"http:\/\/elof.fr\/conferences\/index.php?rest_route=\/wp\/v2\/pages\/33\/revisions\/322"}],"wp:attachment":[{"href":"http:\/\/elof.fr\/conferences\/index.php?rest_route=%2Fwp%2Fv2%2Fmedia&parent=33"}],"curies":[{"name":"wp","href":"https:\/\/api.w.org\/{rel}","templated":true}]}}