{"id":276,"date":"2013-02-15T23:26:48","date_gmt":"2013-02-15T22:26:48","guid":{"rendered":"http:\/\/elof.fr\/conferences\/?page_id=276"},"modified":"2017-07-25T20:35:11","modified_gmt":"2017-07-25T19:35:11","slug":"presse","status":"publish","type":"page","link":"http:\/\/elof.fr\/conferences\/?page_id=276","title":{"rendered":"Presse"},"content":{"rendered":"<p>Article DNA en pages locales dat\u00e9 du 24 juillet 2017, r\u00e9dig\u00e9 par Michel Koebel :<\/p>\n<p><a href=\"http:\/\/elof.fr\/conferences\/wp-content\/uploads\/2013\/02\/presseDNA24072017pages-locales.pdf\">presseDNA24072017pages locales<\/a><\/p>\n<p>Article DNA en pages r\u00e9gionales dat\u00e9 du 24 juillet 2017 :<\/p>\n<p><a href=\"http:\/\/elof.fr\/conferences\/wp-content\/uploads\/2013\/02\/presseDNA24072017.pdf\">presseDNA24072017<\/a><\/p>\n<p>&nbsp;<\/p>\n<p>Un article dans le bulletin municipal de la ville de S\u00e9lestat dat\u00e9 de juin 2017<\/p>\n<p>Nous remercions le service des Archives pour leur confiance et le service communication pour leur r\u00e9alisation.<\/p>\n<p><a href=\"http:\/\/elof.fr\/conferences\/wp-content\/uploads\/2017\/07\/selestadien63\u00e9t\u00e92017.jpg\"><img loading=\"lazy\" decoding=\"async\" class=\"aligncenter size-medium wp-image-439\" src=\"http:\/\/elof.fr\/conferences\/wp-content\/uploads\/2017\/07\/selestadien63\u00e9t\u00e92017-223x300.jpg\" alt=\"selestadien63\u00e9t\u00e92017\" width=\"223\" height=\"300\" srcset=\"http:\/\/elof.fr\/conferences\/wp-content\/uploads\/2017\/07\/selestadien63\u00e9t\u00e92017-223x300.jpg 223w, http:\/\/elof.fr\/conferences\/wp-content\/uploads\/2017\/07\/selestadien63\u00e9t\u00e92017.jpg 527w\" sizes=\"auto, (max-width: 223px) 100vw, 223px\" \/><\/a><\/p>\n<p>&nbsp;<\/p>\n<p>Article Alsace du 04.04.2015<\/p>\n<p><a href=\"http:\/\/elof.fr\/conferences\/wp-content\/uploads\/2013\/02\/PresseFratrieAnnonce2015web.jpg\"><img loading=\"lazy\" decoding=\"async\" class=\"aligncenter wp-image-412 size-medium\" title=\"Une fratrie alsacienne au service du Kaiser\" src=\"http:\/\/elof.fr\/conferences\/wp-content\/uploads\/2013\/02\/PresseFratrieAnnonce2015web-274x300.jpg\" alt=\"PresseFratrieAnnonce2015web\" width=\"274\" height=\"300\" srcset=\"http:\/\/elof.fr\/conferences\/wp-content\/uploads\/2013\/02\/PresseFratrieAnnonce2015web-274x300.jpg 274w, http:\/\/elof.fr\/conferences\/wp-content\/uploads\/2013\/02\/PresseFratrieAnnonce2015web.jpg 685w\" sizes=\"auto, (max-width: 274px) 100vw, 274px\" \/><\/a><\/p>\n<p>&nbsp;<\/p>\n<p>&nbsp;<\/p>\n<ul>\n<li>Article DNA du 01.08.2014<\/li>\n<\/ul>\n<p><a href=\"http:\/\/elof.fr\/conferences\/wp-content\/uploads\/2013\/02\/S\u00e9minaire-Pal\u00e9ographie-2014-DNAWEB.jpg\"><img loading=\"lazy\" decoding=\"async\" class=\"aligncenter size-medium wp-image-362\" title=\"S\u00e9minaire Pal\u00e9ographie 2014 DNAWEB\" src=\"http:\/\/elof.fr\/conferences\/wp-content\/uploads\/2013\/02\/S\u00e9minaire-Pal\u00e9ographie-2014-DNAWEB-300x241.jpg\" alt=\"\" width=\"300\" height=\"241\" srcset=\"http:\/\/elof.fr\/conferences\/wp-content\/uploads\/2013\/02\/S\u00e9minaire-Pal\u00e9ographie-2014-DNAWEB-300x241.jpg 300w, http:\/\/elof.fr\/conferences\/wp-content\/uploads\/2013\/02\/S\u00e9minaire-Pal\u00e9ographie-2014-DNAWEB.jpg 868w\" sizes=\"auto, (max-width: 300px) 100vw, 300px\" \/><\/a><\/p>\n<p>Article r\u00e9dig\u00e9 par G\u00e9rard Riesterer pr\u00e9sentant le s\u00e9minaire de pal\u00e9ographie ainsi que la conf\u00e9rence donn\u00e9s du 22 au 24 ao\u00fbt \u00e0 Marckolsheim.<\/p>\n<p>&nbsp;<\/p>\n<p>&nbsp;<\/p>\n<ul>\n<li>Article L&rsquo;Alsace du 22.07 annon\u00e7ant la seconde \u00e9dition du s\u00e9minaire de pal\u00e9ographie 2014. Cliquez sur le lien :<\/li>\n<\/ul>\n<p><a href=\"http:\/\/elof.fr\/conferences\/wp-content\/uploads\/2013\/02\/LAlsaceSeminaire.pdf\">LAlsaceSeminaire<\/a><\/p>\n<p>&nbsp;<\/p>\n<ul>\n<li>Article DNA du 27.07.2013.<\/li>\n<\/ul>\n<p>Pour lire l&rsquo;article, cliquez dessus :<\/p>\n<p>&nbsp;<\/p>\n<p><a href=\"http:\/\/elof.fr\/paleo\/wp-content\/uploads\/2013\/08\/Article-DNA-26_07_2013net1.jpg\" target=\"_blank\"><img loading=\"lazy\" decoding=\"async\" class=\"aligncenter\" title=\"Article DNA du 26.07.2013\" src=\"http:\/\/elof.fr\/paleo\/wp-content\/uploads\/2013\/08\/Article-DNA-26_07_2013net1-300x264.jpg\" alt=\"\" width=\"240\" height=\"211\" \/><\/a><\/p>\n<p>Article r\u00e9dig\u00e9 par G\u00e9rard Riesterer pr\u00e9sentant Christophe Woehrl\u00e9, le s\u00e9minaire de pal\u00e9ographie ainsi que les deux conf\u00e9rences donn\u00e9s du 15 au 18 ao\u00fbt \u00e0 Marckolsheim.<\/p>\n<p>&nbsp;<\/p>\n<p>&nbsp;<\/p>\n<ul>\n<li>Derni\u00e8res Nouvelles d\u2019Alsace le 13 octobre 2012:<\/li>\n<\/ul>\n<p>Cliquez sur l&rsquo;article pour une meilleure lecture<\/p>\n<p><a href=\"http:\/\/elof.fr\/conferences\/wp-content\/uploads\/2013\/02\/presseGH1.jpg\"><img loading=\"lazy\" decoding=\"async\" class=\"aligncenter size-thumbnail wp-image-284\" title=\"presseGH1\" src=\"http:\/\/elof.fr\/conferences\/wp-content\/uploads\/2013\/02\/presseGH1-150x150.jpg\" alt=\"\" width=\"150\" height=\"150\" \/><\/a><\/p>\n<p>&nbsp;<\/p>\n<ul>\n<li>Article de presse Derni\u00e8res Nouvelles d&rsquo;Alsace 6 d\u00e9cembre 2011 :<\/li>\n<\/ul>\n<p>Cliquez sur l&rsquo;article pour une meilleure lecture<\/p>\n<p><a href=\"http:\/\/elof.fr\/conferences\/wp-content\/uploads\/2013\/02\/presseFBA1.jpg\"><img loading=\"lazy\" decoding=\"async\" class=\"aligncenter\" title=\"presseFBA1\" src=\"http:\/\/elof.fr\/editions\/wp-content\/uploads\/2012\/10\/presseFBA1-743x1024.jpg\" alt=\"\" width=\"249\" height=\"344\" \/><\/a><\/p>\n<ul>\n<li>Article de presse l&rsquo;Alsace 14 d\u00e9cembre 2011 :<\/li>\n<\/ul>\n<p>Cliquez sur l&rsquo;article pour une meilleure lecture<\/p>\n<p><a href=\"http:\/\/elof.fr\/conferences\/wp-content\/uploads\/2013\/02\/presseFBA2.jpg\"><img loading=\"lazy\" decoding=\"async\" class=\"aligncenter\" title=\"presseFBA2\" src=\"http:\/\/elof.fr\/editions\/wp-content\/uploads\/2013\/01\/presseFBA2-300x171.jpg\" alt=\"\" width=\"300\" height=\"171\" \/><\/a><\/p>\n","protected":false},"excerpt":{"rendered":"<p>Article DNA en pages locales dat\u00e9 du 24 juillet 2017, r\u00e9dig\u00e9 par Michel Koebel : presseDNA24072017pages locales Article DNA en pages r\u00e9gionales dat\u00e9 du 24 juillet 2017 : presseDNA24072017 &nbsp; Un article dans le bulletin municipal de la ville de S\u00e9lestat dat\u00e9 de juin 2017 Nous remercions le service des Archives pour leur confiance et [&hellip;]<\/p>\n","protected":false},"author":2,"featured_media":0,"parent":0,"menu_order":4,"comment_status":"open","ping_status":"open","template":"","meta":{"footnotes":""},"class_list":["post-276","page","type-page","status-publish","hentry"],"_links":{"self":[{"href":"http:\/\/elof.fr\/conferences\/index.php?rest_route=\/wp\/v2\/pages\/276","targetHints":{"allow":["GET"]}}],"collection":[{"href":"http:\/\/elof.fr\/conferences\/index.php?rest_route=\/wp\/v2\/pages"}],"about":[{"href":"http:\/\/elof.fr\/conferences\/index.php?rest_route=\/wp\/v2\/types\/page"}],"author":[{"embeddable":true,"href":"http:\/\/elof.fr\/conferences\/index.php?rest_route=\/wp\/v2\/users\/2"}],"replies":[{"embeddable":true,"href":"http:\/\/elof.fr\/conferences\/index.php?rest_route=%2Fwp%2Fv2%2Fcomments&post=276"}],"version-history":[{"count":14,"href":"http:\/\/elof.fr\/conferences\/index.php?rest_route=\/wp\/v2\/pages\/276\/revisions"}],"predecessor-version":[{"id":449,"href":"http:\/\/elof.fr\/conferences\/index.php?rest_route=\/wp\/v2\/pages\/276\/revisions\/449"}],"wp:attachment":[{"href":"http:\/\/elof.fr\/conferences\/index.php?rest_route=%2Fwp%2Fv2%2Fmedia&parent=276"}],"curies":[{"name":"wp","href":"https:\/\/api.w.org\/{rel}","templated":true}]}}