{"id":2,"date":"2012-10-12T18:34:40","date_gmt":"2012-10-12T18:34:40","guid":{"rendered":"http:\/\/elof.fr\/conferences\/?page_id=2"},"modified":"2018-10-14T19:46:50","modified_gmt":"2018-10-14T18:46:50","slug":"page-d-exemple","status":"publish","type":"page","link":"http:\/\/elof.fr\/conferences\/","title":{"rendered":"Accueil"},"content":{"rendered":"<h3><span style=\"color: #f5b00f;\"><strong>BIENVENUE SUR NOTRE SITE DE CONFERENCES<br \/>\n<\/strong><\/span><\/h3>\n<h5 style=\"text-align: center;\"><\/h5>\n<h5 style=\"text-align: center;\"><strong>Quand l&rsquo;historien rencontre la nature<\/strong><\/h5>\n<p>Car c&rsquo;est lors de sa premi\u00e8re sortie naturaliste pour aller visiter du trou de Hamster que Christophe Woehrl\u00e9 s&rsquo;est interrog\u00e9 sur ce qu&rsquo;il pourrait \u00eatre en mesure de faire afin d\u2019\u0153uvrer pour notre patrimoine naturel. Comme crapahuter entre terriers et cimes n&rsquo;est pas son passe temps favori, il a d\u00e9cid\u00e9 de d\u00e9poussi\u00e9rer les vieux ouvrages et traduire de vieux \u00e9crits,\u00a0 rest\u00e9s parfois inexplor\u00e9s dans les fonds biblioth\u00e9caires. Parfois, il gratte tant qu&rsquo;il d\u00e9niche des petits tr\u00e9sors qu&rsquo;il s&#8217;empresse de partager avec son public.<\/p>\n<p>A l&rsquo;heure o\u00f9 la technologie est au \u00ab\u00a0high tech\u00a0\u00bb, Christophe, lui, revient sur nos pas car comme il aime si bien dire : \u00ab\u00a0<cite>C&rsquo;est en sachant d&rsquo;o\u00f9 nous venons que nous pouvons savoir o\u00f9 nous allons et ce vers quoi nous devrions tendre\u00a0\u00bb.<\/cite><\/p>\n<p>Apr\u00e8s 4 th\u00e9matiques de conf\u00e9rence, Christophe entretient une relation forte avec son public et conserve un fil conducteur dans la pr\u00e9servation de contenus vulgaris\u00e9s. C&rsquo;est suite \u00e0 sa premi\u00e8re rencontre avec le public que les \u00c9ditions Elof sont n\u00e9es.<\/p>\n<p>Les conf\u00e9rences s&rsquo;adressent \u00e0 tout public et sont adaptables aux scolaires.<\/p>\n","protected":false},"excerpt":{"rendered":"<p>BIENVENUE SUR NOTRE SITE DE CONFERENCES Quand l&rsquo;historien rencontre la nature Car c&rsquo;est lors de sa premi\u00e8re sortie naturaliste pour aller visiter du trou de Hamster que Christophe Woehrl\u00e9 s&rsquo;est interrog\u00e9 sur ce qu&rsquo;il pourrait \u00eatre en mesure de faire afin d\u2019\u0153uvrer pour notre patrimoine naturel. Comme crapahuter entre terriers et cimes n&rsquo;est pas son [&hellip;]<\/p>\n","protected":false},"author":1,"featured_media":0,"parent":0,"menu_order":0,"comment_status":"open","ping_status":"open","template":"","meta":{"footnotes":""},"class_list":["post-2","page","type-page","status-publish","hentry"],"_links":{"self":[{"href":"http:\/\/elof.fr\/conferences\/index.php?rest_route=\/wp\/v2\/pages\/2","targetHints":{"allow":["GET"]}}],"collection":[{"href":"http:\/\/elof.fr\/conferences\/index.php?rest_route=\/wp\/v2\/pages"}],"about":[{"href":"http:\/\/elof.fr\/conferences\/index.php?rest_route=\/wp\/v2\/types\/page"}],"author":[{"embeddable":true,"href":"http:\/\/elof.fr\/conferences\/index.php?rest_route=\/wp\/v2\/users\/1"}],"replies":[{"embeddable":true,"href":"http:\/\/elof.fr\/conferences\/index.php?rest_route=%2Fwp%2Fv2%2Fcomments&post=2"}],"version-history":[{"count":26,"href":"http:\/\/elof.fr\/conferences\/index.php?rest_route=\/wp\/v2\/pages\/2\/revisions"}],"predecessor-version":[{"id":460,"href":"http:\/\/elof.fr\/conferences\/index.php?rest_route=\/wp\/v2\/pages\/2\/revisions\/460"}],"wp:attachment":[{"href":"http:\/\/elof.fr\/conferences\/index.php?rest_route=%2Fwp%2Fv2%2Fmedia&parent=2"}],"curies":[{"name":"wp","href":"https:\/\/api.w.org\/{rel}","templated":true}]}}